{"id":88,"date":"2023-12-19T19:36:08","date_gmt":"2023-12-19T18:36:08","guid":{"rendered":"https:\/\/chambres-salvaterra.fr\/?page_id=88"},"modified":"2023-12-23T13:03:19","modified_gmt":"2023-12-23T12:03:19","slug":"visite-a-chambres-salvaterra","status":"publish","type":"page","link":"https:\/\/chambres-salvaterra.fr\/index.php\/visite-a-chambres-salvaterra\/","title":{"rendered":"Liens Utiles"},"content":{"rendered":"\n<figure class=\"wp-block-image size-large is-resized is-style-rounded\"><img data-recalc-dims=\"1\" loading=\"lazy\" decoding=\"async\" width=\"900\" height=\"900\" data-attachment-id=\"157\" data-permalink=\"https:\/\/chambres-salvaterra.fr\/index.php\/visiter-les-alentours-hebergements-a-chambres-salvaterra-meuble-de-tourisme\/salvaterra-piscine-1\/\" data-orig-file=\"https:\/\/i0.wp.com\/chambres-salvaterra.fr\/wp-content\/uploads\/2023\/12\/Salvaterra-piscine-1-scaled.jpg?fit=2560%2C2560&amp;ssl=1\" data-orig-size=\"2560,2560\" data-comments-opened=\"1\" data-image-meta=\"{&quot;aperture&quot;:&quot;1.8&quot;,&quot;credit&quot;:&quot;&quot;,&quot;camera&quot;:&quot;iPhone XS Max&quot;,&quot;caption&quot;:&quot;&quot;,&quot;created_timestamp&quot;:&quot;1623347462&quot;,&quot;copyright&quot;:&quot;&quot;,&quot;focal_length&quot;:&quot;4.25&quot;,&quot;iso&quot;:&quot;25&quot;,&quot;shutter_speed&quot;:&quot;0.00031397174254317&quot;,&quot;title&quot;:&quot;&quot;,&quot;orientation&quot;:&quot;1&quot;}\" data-image-title=\"Salvaterra-piscine-1\" data-image-description=\"\" data-image-caption=\"\" data-medium-file=\"https:\/\/i0.wp.com\/chambres-salvaterra.fr\/wp-content\/uploads\/2023\/12\/Salvaterra-piscine-1-scaled.jpg?fit=300%2C300&amp;ssl=1\" data-large-file=\"https:\/\/i0.wp.com\/chambres-salvaterra.fr\/wp-content\/uploads\/2023\/12\/Salvaterra-piscine-1-scaled.jpg?fit=900%2C900&amp;ssl=1\" src=\"https:\/\/i0.wp.com\/chambres-salvaterra.fr\/wp-content\/uploads\/2023\/12\/Salvaterra-piscine-1.jpg?resize=900%2C900&#038;ssl=1\" alt=\"Meubl\u00e9 de Tourisme Chambres-Salvaterra\" class=\"wp-image-157\" style=\"width:154px;height:auto\" srcset=\"https:\/\/i0.wp.com\/chambres-salvaterra.fr\/wp-content\/uploads\/2023\/12\/Salvaterra-piscine-1-scaled.jpg?resize=1024%2C1024&amp;ssl=1 1024w, https:\/\/i0.wp.com\/chambres-salvaterra.fr\/wp-content\/uploads\/2023\/12\/Salvaterra-piscine-1-scaled.jpg?resize=300%2C300&amp;ssl=1 300w, https:\/\/i0.wp.com\/chambres-salvaterra.fr\/wp-content\/uploads\/2023\/12\/Salvaterra-piscine-1-scaled.jpg?resize=150%2C150&amp;ssl=1 150w, https:\/\/i0.wp.com\/chambres-salvaterra.fr\/wp-content\/uploads\/2023\/12\/Salvaterra-piscine-1-scaled.jpg?resize=768%2C768&amp;ssl=1 768w, https:\/\/i0.wp.com\/chambres-salvaterra.fr\/wp-content\/uploads\/2023\/12\/Salvaterra-piscine-1-scaled.jpg?resize=1536%2C1536&amp;ssl=1 1536w, https:\/\/i0.wp.com\/chambres-salvaterra.fr\/wp-content\/uploads\/2023\/12\/Salvaterra-piscine-1-scaled.jpg?resize=2048%2C2048&amp;ssl=1 2048w, https:\/\/i0.wp.com\/chambres-salvaterra.fr\/wp-content\/uploads\/2023\/12\/Salvaterra-piscine-1-scaled.jpg?w=1800&amp;ssl=1 1800w\" sizes=\"auto, (max-width: 900px) 100vw, 900px\" \/><\/figure>\n\n\n\n<p>Lors de votre visite \u00e0 Chambres-Salvaterra \u00e0 de Sauveterre , vous \u00eates au bon endroit pour d\u00e9couvrir les merveilles de la r\u00e9gion. <\/p>\n\n\n\n<p>Nous vous proposons un <a href=\"https:\/\/chambres-salvaterra.fr\/index.php\/gite-proche-avignon-les-locations-gite-avignon-meuble-de-tourisme\/\">h\u00e9bergement <\/a>confortable et convivial, id\u00e9alement situ\u00e9 pour visiter les sites incontournables de ce territoire riche en histoire, en culture et en nature. <\/p>\n\n\n\n<p>Que vous veniez pour admirer les monuments, d\u00e9guster les sp\u00e9cialit\u00e9s, parcourir les sentiers ou vous relaxer dans un cadre verdoyant, vous ne serez pas d\u00e9\u00e7u par la diversit\u00e9 et la beaut\u00e9 des paysages qui vous entourent.<\/p>\n\n\n\n<p>Nous mettons \u00e0 votre disposition des informations pratiques et des conseils personnalis\u00e9s pour vous aider \u00e0 organiser au mieux votre s\u00e9jour chez nous. <\/p>\n\n\n\n<p>Nous nous ferons un plaisir de r\u00e9pondre \u00e0 vos questions et de vous faire partager notre passion pour cette r\u00e9gion. N&rsquo;h\u00e9sitez pas \u00e0 nous contacter pour toute demande ou r\u00e9servation.<\/p>\n\n\n\n<p><a href=\"https:\/\/www.tourismegard.com\/\" target=\"_blank\" rel=\"noreferrer noopener\">Tourisme dans le Gard<\/a><\/p>\n\n\n\n<p><a href=\"https:\/\/avignon-tourisme.com\/\" target=\"_blank\" rel=\"noreferrer noopener\">Avignon Tourisme<\/a><\/p>\n\n\n\n<p><a href=\"https:\/\/mairiesauveterre.fr\/fr\/\" target=\"_blank\" rel=\"noreferrer noopener\">Mairie de Sauveterre<\/a><\/p>\n\n\n\n<p><a href=\"https:\/\/festival-avignon.com\/\" target=\"_blank\" rel=\"noreferrer noopener\">Festival In d&rsquo;Avignon<\/a><\/p>\n\n\n\n<p><a href=\"https:\/\/www.avignonleoff.com\/\" target=\"_blank\" rel=\"noreferrer noopener\">Festival Off d&rsquo;Avignon<\/a><\/p>\n\n\n\n<p><a href=\"https:\/\/www.randonnee-urbain-v.com\/accueil\/\" target=\"_blank\" rel=\"noreferrer noopener\">Chemin Urbain V<\/a><\/p>\n\n\n\n<p><a href=\"https:\/\/chartreuse.org\/site\/\" target=\"_blank\" rel=\"noreferrer noopener\">La Chartreuse de Villeneuve les Avignon<\/a><\/p>\n\n\n\n<p><a href=\"https:\/\/www.grandavignon.fr\/fr\" target=\"_blank\" rel=\"noreferrer noopener\">Communaut\u00e9 d&rsquo;Agglom\u00e9ration du Grand Avignon<\/a><\/p>\n\n\n<div class=\"wp-block-image\">\n<figure data-wp-context=\"{&quot;imageId&quot;:&quot;6a09b2d86a775&quot;}\" data-wp-interactive=\"core\/image\" data-wp-key=\"6a09b2d86a775\" class=\"aligncenter size-full is-resized wp-lightbox-container\"><img data-recalc-dims=\"1\" loading=\"lazy\" decoding=\"async\" width=\"900\" height=\"845\" data-attachment-id=\"246\" data-permalink=\"https:\/\/chambres-salvaterra.fr\/index.php\/visite-a-chambres-salvaterra\/carte-gard\/\" data-orig-file=\"https:\/\/i0.wp.com\/chambres-salvaterra.fr\/wp-content\/uploads\/2023\/12\/carte-gard.jpg?fit=1024%2C961&amp;ssl=1\" data-orig-size=\"1024,961\" data-comments-opened=\"1\" data-image-meta=\"{&quot;aperture&quot;:&quot;0&quot;,&quot;credit&quot;:&quot;&quot;,&quot;camera&quot;:&quot;&quot;,&quot;caption&quot;:&quot;&quot;,&quot;created_timestamp&quot;:&quot;0&quot;,&quot;copyright&quot;:&quot;&quot;,&quot;focal_length&quot;:&quot;0&quot;,&quot;iso&quot;:&quot;0&quot;,&quot;shutter_speed&quot;:&quot;0&quot;,&quot;title&quot;:&quot;&quot;,&quot;orientation&quot;:&quot;0&quot;}\" data-image-title=\"carte-gard\" data-image-description=\"\" data-image-caption=\"\" data-medium-file=\"https:\/\/i0.wp.com\/chambres-salvaterra.fr\/wp-content\/uploads\/2023\/12\/carte-gard.jpg?fit=300%2C282&amp;ssl=1\" data-large-file=\"https:\/\/i0.wp.com\/chambres-salvaterra.fr\/wp-content\/uploads\/2023\/12\/carte-gard.jpg?fit=900%2C845&amp;ssl=1\" data-wp-class--hide=\"state.isContentHidden\" data-wp-class--show=\"state.isContentVisible\" data-wp-init=\"callbacks.setButtonStyles\" data-wp-on--click=\"actions.showLightbox\" data-wp-on--load=\"callbacks.setButtonStyles\" data-wp-on-window--resize=\"callbacks.setButtonStyles\" src=\"https:\/\/i0.wp.com\/chambres-salvaterra.fr\/wp-content\/uploads\/2023\/12\/carte-gard.jpg?resize=900%2C845&#038;ssl=1\" alt=\"carte Gard\" class=\"wp-image-246\" style=\"width:377px;height:auto\" srcset=\"https:\/\/i0.wp.com\/chambres-salvaterra.fr\/wp-content\/uploads\/2023\/12\/carte-gard.jpg?w=1024&amp;ssl=1 1024w, https:\/\/i0.wp.com\/chambres-salvaterra.fr\/wp-content\/uploads\/2023\/12\/carte-gard.jpg?resize=300%2C282&amp;ssl=1 300w, https:\/\/i0.wp.com\/chambres-salvaterra.fr\/wp-content\/uploads\/2023\/12\/carte-gard.jpg?resize=768%2C721&amp;ssl=1 768w\" sizes=\"auto, (max-width: 900px) 100vw, 900px\" \/><button\n\t\t\tclass=\"lightbox-trigger\"\n\t\t\ttype=\"button\"\n\t\t\taria-haspopup=\"dialog\"\n\t\t\taria-label=\"Agrandir\"\n\t\t\tdata-wp-init=\"callbacks.initTriggerButton\"\n\t\t\tdata-wp-on--click=\"actions.showLightbox\"\n\t\t\tdata-wp-style--right=\"state.imageButtonRight\"\n\t\t\tdata-wp-style--top=\"state.imageButtonTop\"\n\t\t>\n\t\t\t<svg xmlns=\"http:\/\/www.w3.org\/2000\/svg\" width=\"12\" height=\"12\" fill=\"none\" viewBox=\"0 0 12 12\">\n\t\t\t\t<path fill=\"#fff\" d=\"M2 0a2 2 0 0 0-2 2v2h1.5V2a.5.5 0 0 1 .5-.5h2V0H2Zm2 10.5H2a.5.5 0 0 1-.5-.5V8H0v2a2 2 0 0 0 2 2h2v-1.5ZM8 12v-1.5h2a.5.5 0 0 0 .5-.5V8H12v2a2 2 0 0 1-2 2H8Zm2-12a2 2 0 0 1 2 2v2h-1.5V2a.5.5 0 0 0-.5-.5H8V0h2Z\" \/>\n\t\t\t<\/svg>\n\t\t<\/button><\/figure>\n<\/div>\n\n\n<p>C&rsquo;est avec plaisir que nous vous accueillerons prochainement dans notre \u00e9tablissement .<\/p>\n\n\n\n<p>Votre confiance et de votre fid\u00e9lit\u00e9 sont important pour Nous. Nous mettrons tout en \u0153uvre pour vous offrir un s\u00e9jour agr\u00e9able et confortable, dans le respect des normes sanitaires en vigueur.<\/p>\n\n\n\n<p>Nous pr\u00e9parons votre visite \u00e0 Chambres-Salvaterra avec soin et restons \u00e0 votre disposition pour toute demande particuli\u00e8re. N\u2019h\u00e9sitez pas \u00e0 nous contacter, nous ferons de notre mieux pour y r\u00e9pondre.<\/p>\n\n\n\n<p>Nous esp\u00e9rons que vous appr\u00e9cierez nos services et notre accueil chaleureux. Nous vous souhaitons un excellent voyage et vous disons \u00e0 tr\u00e8s bient\u00f4t.<\/p>\n\n\n\n<p>J\u2019esp\u00e8re que cela vous aide. Si vous avez d\u2019autres questions, n\u2019h\u00e9sitez pas \u00e0 me demander !<\/p>\n","protected":false},"excerpt":{"rendered":"<p>Lors de votre visite \u00e0 Chambres-Salvaterra \u00e0 de Sauveterre , vous \u00eates au bon endroit pour d\u00e9couvrir les merveilles de la r\u00e9gion. Nous vous proposons un h\u00e9bergement confortable et convivial, id\u00e9alement situ\u00e9 pour visiter les sites incontournables de ce territoire riche en histoire, en culture et en nature. Que vous veniez pour admirer les monuments, [&hellip;]<\/p>\n","protected":false},"author":1,"featured_media":0,"parent":0,"menu_order":0,"comment_status":"closed","ping_status":"closed","template":"","meta":{"jetpack_post_was_ever_published":false,"footnotes":""},"class_list":["post-88","page","type-page","status-publish","hentry","blog-left-layout","blog-style-postblock","","blog-alt-odd"],"yoast_head":"<!-- This site is optimized with the Yoast SEO plugin v24.2 - https:\/\/yoast.com\/wordpress\/plugins\/seo\/ -->\n<title>Visite \u00e0 Chambres-Salvaterra - Chambres d&#039;H\u00f4tes et Gite -<\/title>\n<meta name=\"description\" content=\"Visite \u00e0 Chambres-Salvaterra - Chambres d&#039;H\u00f4tes et Gite - Meubl\u00e9 de Tourisme - Location Chambres d&#039;H\u00f4tes et Gite Liens Utiles\" \/>\n<meta name=\"robots\" content=\"index, follow, max-snippet:-1, max-image-preview:large, max-video-preview:-1\" \/>\n<link rel=\"canonical\" href=\"https:\/\/chambres-salvaterra.fr\/index.php\/visite-a-chambres-salvaterra\/\" \/>\n<meta property=\"og:locale\" content=\"fr_FR\" \/>\n<meta property=\"og:type\" content=\"article\" \/>\n<meta property=\"og:title\" content=\"Visite \u00e0 Chambres-Salvaterra - Chambres d&#039;H\u00f4tes et Gite -\" \/>\n<meta property=\"og:description\" content=\"Visite \u00e0 Chambres-Salvaterra - Chambres d&#039;H\u00f4tes et Gite - Meubl\u00e9 de Tourisme - Location Chambres d&#039;H\u00f4tes et Gite Liens Utiles\" \/>\n<meta property=\"og:url\" content=\"https:\/\/chambres-salvaterra.fr\/index.php\/visite-a-chambres-salvaterra\/\" \/>\n<meta property=\"og:site_name\" content=\"Chambres Salvaterra\" \/>\n<meta property=\"article:publisher\" content=\"https:\/\/www.facebook.com\/chambres.et.gite.salvaterra\" \/>\n<meta property=\"article:modified_time\" content=\"2023-12-23T12:03:19+00:00\" \/>\n<meta property=\"og:image\" content=\"https:\/\/chambres-salvaterra.fr\/wp-content\/uploads\/2023\/12\/Salvaterra-piscine-1-1024x1024.jpg\" \/>\n<meta name=\"twitter:card\" content=\"summary_large_image\" \/>\n<meta name=\"twitter:label1\" content=\"Dur\u00e9e de lecture estim\u00e9e\" \/>\n\t<meta name=\"twitter:data1\" content=\"2 minutes\" \/>\n<script type=\"application\/ld+json\" class=\"yoast-schema-graph\">{\"@context\":\"https:\/\/schema.org\",\"@graph\":[{\"@type\":\"WebPage\",\"@id\":\"https:\/\/chambres-salvaterra.fr\/index.php\/visite-a-chambres-salvaterra\/\",\"url\":\"https:\/\/chambres-salvaterra.fr\/index.php\/visite-a-chambres-salvaterra\/\",\"name\":\"Visite \u00e0 Chambres-Salvaterra - Chambres d'H\u00f4tes et Gite -\",\"isPartOf\":{\"@id\":\"https:\/\/chambres-salvaterra.fr\/#website\"},\"primaryImageOfPage\":{\"@id\":\"https:\/\/chambres-salvaterra.fr\/index.php\/visite-a-chambres-salvaterra\/#primaryimage\"},\"image\":{\"@id\":\"https:\/\/chambres-salvaterra.fr\/index.php\/visite-a-chambres-salvaterra\/#primaryimage\"},\"thumbnailUrl\":\"https:\/\/chambres-salvaterra.fr\/wp-content\/uploads\/2023\/12\/Salvaterra-piscine-1-1024x1024.jpg\",\"datePublished\":\"2023-12-19T18:36:08+00:00\",\"dateModified\":\"2023-12-23T12:03:19+00:00\",\"description\":\"Visite \u00e0 Chambres-Salvaterra - Chambres d'H\u00f4tes et Gite - Meubl\u00e9 de Tourisme - Location Chambres d'H\u00f4tes et Gite Liens Utiles\",\"breadcrumb\":{\"@id\":\"https:\/\/chambres-salvaterra.fr\/index.php\/visite-a-chambres-salvaterra\/#breadcrumb\"},\"inLanguage\":\"fr-FR\",\"potentialAction\":[{\"@type\":\"ReadAction\",\"target\":[\"https:\/\/chambres-salvaterra.fr\/index.php\/visite-a-chambres-salvaterra\/\"]}]},{\"@type\":\"ImageObject\",\"inLanguage\":\"fr-FR\",\"@id\":\"https:\/\/chambres-salvaterra.fr\/index.php\/visite-a-chambres-salvaterra\/#primaryimage\",\"url\":\"https:\/\/i0.wp.com\/chambres-salvaterra.fr\/wp-content\/uploads\/2023\/12\/Salvaterra-piscine-1-scaled.jpg?fit=2560%2C2560&ssl=1\",\"contentUrl\":\"https:\/\/i0.wp.com\/chambres-salvaterra.fr\/wp-content\/uploads\/2023\/12\/Salvaterra-piscine-1-scaled.jpg?fit=2560%2C2560&ssl=1\",\"width\":2560,\"height\":2560},{\"@type\":\"BreadcrumbList\",\"@id\":\"https:\/\/chambres-salvaterra.fr\/index.php\/visite-a-chambres-salvaterra\/#breadcrumb\",\"itemListElement\":[{\"@type\":\"ListItem\",\"position\":1,\"name\":\"Accueil\",\"item\":\"https:\/\/chambres-salvaterra.fr\/\"},{\"@type\":\"ListItem\",\"position\":2,\"name\":\"Liens Utiles\"}]},{\"@type\":\"WebSite\",\"@id\":\"https:\/\/chambres-salvaterra.fr\/#website\",\"url\":\"https:\/\/chambres-salvaterra.fr\/\",\"name\":\"Chambres Salvaterra\",\"description\":\"Chambres et Gite proche Avignon\",\"publisher\":{\"@id\":\"https:\/\/chambres-salvaterra.fr\/#organization\"},\"alternateName\":\"Chambres et Gite Avignon\",\"potentialAction\":[{\"@type\":\"SearchAction\",\"target\":{\"@type\":\"EntryPoint\",\"urlTemplate\":\"https:\/\/chambres-salvaterra.fr\/?s={search_term_string}\"},\"query-input\":{\"@type\":\"PropertyValueSpecification\",\"valueRequired\":true,\"valueName\":\"search_term_string\"}}],\"inLanguage\":\"fr-FR\"},{\"@type\":\"Organization\",\"@id\":\"https:\/\/chambres-salvaterra.fr\/#organization\",\"name\":\"Chambres Salvaterra\",\"alternateName\":\"Chambres, Gite et Meubl\u00e9 de Tourisme Avignon\",\"url\":\"https:\/\/chambres-salvaterra.fr\/\",\"logo\":{\"@type\":\"ImageObject\",\"inLanguage\":\"fr-FR\",\"@id\":\"https:\/\/chambres-salvaterra.fr\/#\/schema\/logo\/image\/\",\"url\":\"https:\/\/i0.wp.com\/chambres-salvaterra.fr\/wp-content\/uploads\/2023\/12\/vue-generale-1.jpg?fit=2048%2C1536&ssl=1\",\"contentUrl\":\"https:\/\/i0.wp.com\/chambres-salvaterra.fr\/wp-content\/uploads\/2023\/12\/vue-generale-1.jpg?fit=2048%2C1536&ssl=1\",\"width\":2048,\"height\":1536,\"caption\":\"Chambres Salvaterra\"},\"image\":{\"@id\":\"https:\/\/chambres-salvaterra.fr\/#\/schema\/logo\/image\/\"},\"sameAs\":[\"https:\/\/www.facebook.com\/chambres.et.gite.salvaterra\"]}]}<\/script>\n<!-- \/ Yoast SEO plugin. -->","yoast_head_json":{"title":"Visite \u00e0 Chambres-Salvaterra - Chambres d'H\u00f4tes et Gite -","description":"Visite \u00e0 Chambres-Salvaterra - Chambres d'H\u00f4tes et Gite - Meubl\u00e9 de Tourisme - Location Chambres d'H\u00f4tes et Gite Liens Utiles","robots":{"index":"index","follow":"follow","max-snippet":"max-snippet:-1","max-image-preview":"max-image-preview:large","max-video-preview":"max-video-preview:-1"},"canonical":"https:\/\/chambres-salvaterra.fr\/index.php\/visite-a-chambres-salvaterra\/","og_locale":"fr_FR","og_type":"article","og_title":"Visite \u00e0 Chambres-Salvaterra - Chambres d'H\u00f4tes et Gite -","og_description":"Visite \u00e0 Chambres-Salvaterra - Chambres d'H\u00f4tes et Gite - Meubl\u00e9 de Tourisme - Location Chambres d'H\u00f4tes et Gite Liens Utiles","og_url":"https:\/\/chambres-salvaterra.fr\/index.php\/visite-a-chambres-salvaterra\/","og_site_name":"Chambres Salvaterra","article_publisher":"https:\/\/www.facebook.com\/chambres.et.gite.salvaterra","article_modified_time":"2023-12-23T12:03:19+00:00","og_image":[{"url":"https:\/\/chambres-salvaterra.fr\/wp-content\/uploads\/2023\/12\/Salvaterra-piscine-1-1024x1024.jpg","type":"","width":"","height":""}],"twitter_card":"summary_large_image","twitter_misc":{"Dur\u00e9e de lecture estim\u00e9e":"2 minutes"},"schema":{"@context":"https:\/\/schema.org","@graph":[{"@type":"WebPage","@id":"https:\/\/chambres-salvaterra.fr\/index.php\/visite-a-chambres-salvaterra\/","url":"https:\/\/chambres-salvaterra.fr\/index.php\/visite-a-chambres-salvaterra\/","name":"Visite \u00e0 Chambres-Salvaterra - Chambres d'H\u00f4tes et Gite -","isPartOf":{"@id":"https:\/\/chambres-salvaterra.fr\/#website"},"primaryImageOfPage":{"@id":"https:\/\/chambres-salvaterra.fr\/index.php\/visite-a-chambres-salvaterra\/#primaryimage"},"image":{"@id":"https:\/\/chambres-salvaterra.fr\/index.php\/visite-a-chambres-salvaterra\/#primaryimage"},"thumbnailUrl":"https:\/\/chambres-salvaterra.fr\/wp-content\/uploads\/2023\/12\/Salvaterra-piscine-1-1024x1024.jpg","datePublished":"2023-12-19T18:36:08+00:00","dateModified":"2023-12-23T12:03:19+00:00","description":"Visite \u00e0 Chambres-Salvaterra - Chambres d'H\u00f4tes et Gite - Meubl\u00e9 de Tourisme - Location Chambres d'H\u00f4tes et Gite Liens Utiles","breadcrumb":{"@id":"https:\/\/chambres-salvaterra.fr\/index.php\/visite-a-chambres-salvaterra\/#breadcrumb"},"inLanguage":"fr-FR","potentialAction":[{"@type":"ReadAction","target":["https:\/\/chambres-salvaterra.fr\/index.php\/visite-a-chambres-salvaterra\/"]}]},{"@type":"ImageObject","inLanguage":"fr-FR","@id":"https:\/\/chambres-salvaterra.fr\/index.php\/visite-a-chambres-salvaterra\/#primaryimage","url":"https:\/\/i0.wp.com\/chambres-salvaterra.fr\/wp-content\/uploads\/2023\/12\/Salvaterra-piscine-1-scaled.jpg?fit=2560%2C2560&ssl=1","contentUrl":"https:\/\/i0.wp.com\/chambres-salvaterra.fr\/wp-content\/uploads\/2023\/12\/Salvaterra-piscine-1-scaled.jpg?fit=2560%2C2560&ssl=1","width":2560,"height":2560},{"@type":"BreadcrumbList","@id":"https:\/\/chambres-salvaterra.fr\/index.php\/visite-a-chambres-salvaterra\/#breadcrumb","itemListElement":[{"@type":"ListItem","position":1,"name":"Accueil","item":"https:\/\/chambres-salvaterra.fr\/"},{"@type":"ListItem","position":2,"name":"Liens Utiles"}]},{"@type":"WebSite","@id":"https:\/\/chambres-salvaterra.fr\/#website","url":"https:\/\/chambres-salvaterra.fr\/","name":"Chambres Salvaterra","description":"Chambres et Gite proche Avignon","publisher":{"@id":"https:\/\/chambres-salvaterra.fr\/#organization"},"alternateName":"Chambres et Gite Avignon","potentialAction":[{"@type":"SearchAction","target":{"@type":"EntryPoint","urlTemplate":"https:\/\/chambres-salvaterra.fr\/?s={search_term_string}"},"query-input":{"@type":"PropertyValueSpecification","valueRequired":true,"valueName":"search_term_string"}}],"inLanguage":"fr-FR"},{"@type":"Organization","@id":"https:\/\/chambres-salvaterra.fr\/#organization","name":"Chambres Salvaterra","alternateName":"Chambres, Gite et Meubl\u00e9 de Tourisme Avignon","url":"https:\/\/chambres-salvaterra.fr\/","logo":{"@type":"ImageObject","inLanguage":"fr-FR","@id":"https:\/\/chambres-salvaterra.fr\/#\/schema\/logo\/image\/","url":"https:\/\/i0.wp.com\/chambres-salvaterra.fr\/wp-content\/uploads\/2023\/12\/vue-generale-1.jpg?fit=2048%2C1536&ssl=1","contentUrl":"https:\/\/i0.wp.com\/chambres-salvaterra.fr\/wp-content\/uploads\/2023\/12\/vue-generale-1.jpg?fit=2048%2C1536&ssl=1","width":2048,"height":1536,"caption":"Chambres Salvaterra"},"image":{"@id":"https:\/\/chambres-salvaterra.fr\/#\/schema\/logo\/image\/"},"sameAs":["https:\/\/www.facebook.com\/chambres.et.gite.salvaterra"]}]}},"jetpack_sharing_enabled":true,"_links":{"self":[{"href":"https:\/\/chambres-salvaterra.fr\/index.php\/wp-json\/wp\/v2\/pages\/88","targetHints":{"allow":["GET"]}}],"collection":[{"href":"https:\/\/chambres-salvaterra.fr\/index.php\/wp-json\/wp\/v2\/pages"}],"about":[{"href":"https:\/\/chambres-salvaterra.fr\/index.php\/wp-json\/wp\/v2\/types\/page"}],"author":[{"embeddable":true,"href":"https:\/\/chambres-salvaterra.fr\/index.php\/wp-json\/wp\/v2\/users\/1"}],"replies":[{"embeddable":true,"href":"https:\/\/chambres-salvaterra.fr\/index.php\/wp-json\/wp\/v2\/comments?post=88"}],"version-history":[{"count":9,"href":"https:\/\/chambres-salvaterra.fr\/index.php\/wp-json\/wp\/v2\/pages\/88\/revisions"}],"predecessor-version":[{"id":269,"href":"https:\/\/chambres-salvaterra.fr\/index.php\/wp-json\/wp\/v2\/pages\/88\/revisions\/269"}],"wp:attachment":[{"href":"https:\/\/chambres-salvaterra.fr\/index.php\/wp-json\/wp\/v2\/media?parent=88"}],"curies":[{"name":"wp","href":"https:\/\/api.w.org\/{rel}","templated":true}]}}