{"id":221,"date":"2023-12-22T14:49:17","date_gmt":"2023-12-22T13:49:17","guid":{"rendered":"https:\/\/chambres-salvaterra.fr\/?page_id=221"},"modified":"2023-12-23T13:00:38","modified_gmt":"2023-12-23T12:00:38","slug":"infos-pratiques-venir-a-chambres-salvaterra","status":"publish","type":"page","link":"https:\/\/chambres-salvaterra.fr\/index.php\/infos-pratiques-venir-a-chambres-salvaterra\/","title":{"rendered":"Infos Pratiques"},"content":{"rendered":"\n<h2 class=\"wp-block-heading\">Arriver \u00e0 Sauveterre<\/h2>\n\n\n\n<p>Pour rejoindre Chambres-Salvaterra en voiture, vous avez plusieurs possibilit\u00e9s selon votre provenance :<\/p>\n\n\n\n<ul class=\"wp-block-list\">\n<li>Si vous venez du Nord par l&rsquo;Autoroute A9, \n<ul class=\"wp-block-list\">\n<li>la sortie la plus proche est Roquemaure (sortie 22). Ensuite, il vous suffit de suivre les panneaux indiquant Roquemaure et Sauveterre.<\/li>\n\n\n\n<li>une autre option est de sortir \u00e0 Orange Centre (sortie 21) et de prendre la direction de Roquemaure et Sauveterre.<\/li>\n<\/ul>\n<\/li>\n<\/ul>\n\n\n\n<p><\/p>\n\n\n\n<ul class=\"wp-block-list\">\n<li>Si vous venez du Sud par l&rsquo;Autoroute A7, la sortie recommand\u00e9e est Avignon Nord (sortie 23). Puis, vous devez prendre la direction d&rsquo;Avignon, Villeneuve les Avignon et enfin Sauveterre.<\/li>\n<\/ul>\n\n\n\n<p>Vous pouvez consulter le plan des diff\u00e9rents itin\u00e9raires sur le site de <a href=\"https:\/\/www.vinci-autoroutes.com\/fr\/mon-trajet\/\">Vinci Autoroutes<\/a>.<\/p>\n\n\n\n<p><\/p>\n\n\n\n<p>Pour rejoindre Chambres-Salvaterra depuis la gare Avignon TGV, vous avez la possibilit\u00e9 d&#8217;emprunter le car LIO 122 qui vous d\u00e9posera \u00e0 l&rsquo;arr\u00eat Sauveterre Avenue de Provence, situ\u00e9 \u00e0 seulement 100 m\u00e8tres de votre h\u00e9bergement.<\/p>\n\n\n\n<p> Si vous le souhaitez, je peux \u00e9galement me rendre disponible pour venir vous accueillir \u00e0 la gare et vous conduire jusqu&rsquo;\u00e0 votre chambre. <\/p>\n\n\n\n<p>N&rsquo;h\u00e9sitez pas \u00e0 me contacter pour me faire part de vos pr\u00e9f\u00e9rences et de votre heure d&rsquo;arriv\u00e9e.<\/p>\n\n\n\n<h2 class=\"wp-block-heading\">Venir \u00e0 Chambres-Salvaterra<\/h2>\n\n\n\n<p>Vous pouvez m&rsquo;appeler ou laisser un sms, une demie heure avant votre arriv\u00e9e, pour que je puisses vous ouvrir le portail.<\/p>\n\n\n\n<p>Notre <a href=\"https:\/\/chambres-salvaterra.fr\/index.php\/les-locations-gite-avignon-meuble-de-tourisme\/\">meubl\u00e9 <\/a>est sur l&rsquo;Avenue de Provence, voie principale de Sauveterre<\/p>\n\n\n\n<figure data-wp-context=\"{&quot;imageId&quot;:&quot;6a09b32ddbe86&quot;}\" data-wp-interactive=\"core\/image\" data-wp-key=\"6a09b32ddbe86\" class=\"wp-block-image size-large wp-lightbox-container\"><img data-recalc-dims=\"1\" loading=\"lazy\" decoding=\"async\" width=\"900\" height=\"300\" data-attachment-id=\"232\" data-permalink=\"https:\/\/chambres-salvaterra.fr\/index.php\/infos-pratiques-venir-a-chambres-salvaterra\/vue-portail-arts-salvaterra\/\" data-orig-file=\"https:\/\/i0.wp.com\/chambres-salvaterra.fr\/wp-content\/uploads\/2023\/12\/vue-portail-Arts-Salvaterra.jpg?fit=1461%2C487&amp;ssl=1\" data-orig-size=\"1461,487\" data-comments-opened=\"1\" data-image-meta=\"{&quot;aperture&quot;:&quot;0&quot;,&quot;credit&quot;:&quot;&quot;,&quot;camera&quot;:&quot;&quot;,&quot;caption&quot;:&quot;&quot;,&quot;created_timestamp&quot;:&quot;0&quot;,&quot;copyright&quot;:&quot;&quot;,&quot;focal_length&quot;:&quot;0&quot;,&quot;iso&quot;:&quot;0&quot;,&quot;shutter_speed&quot;:&quot;0&quot;,&quot;title&quot;:&quot;&quot;,&quot;orientation&quot;:&quot;0&quot;}\" data-image-title=\"vue-portail-Arts-Salvaterra\" data-image-description=\"\" data-image-caption=\"\" data-medium-file=\"https:\/\/i0.wp.com\/chambres-salvaterra.fr\/wp-content\/uploads\/2023\/12\/vue-portail-Arts-Salvaterra.jpg?fit=300%2C100&amp;ssl=1\" data-large-file=\"https:\/\/i0.wp.com\/chambres-salvaterra.fr\/wp-content\/uploads\/2023\/12\/vue-portail-Arts-Salvaterra.jpg?fit=900%2C300&amp;ssl=1\" data-wp-class--hide=\"state.isContentHidden\" data-wp-class--show=\"state.isContentVisible\" data-wp-init=\"callbacks.setButtonStyles\" data-wp-on--click=\"actions.showLightbox\" data-wp-on--load=\"callbacks.setButtonStyles\" data-wp-on-window--resize=\"callbacks.setButtonStyles\" src=\"https:\/\/i0.wp.com\/chambres-salvaterra.fr\/wp-content\/uploads\/2023\/12\/vue-portail-Arts-Salvaterra.jpg?resize=900%2C300&#038;ssl=1\" alt=\"Vue de chambres-Salvaterra\" class=\"wp-image-232\" srcset=\"https:\/\/i0.wp.com\/chambres-salvaterra.fr\/wp-content\/uploads\/2023\/12\/vue-portail-Arts-Salvaterra.jpg?resize=1024%2C341&amp;ssl=1 1024w, https:\/\/i0.wp.com\/chambres-salvaterra.fr\/wp-content\/uploads\/2023\/12\/vue-portail-Arts-Salvaterra.jpg?resize=300%2C100&amp;ssl=1 300w, https:\/\/i0.wp.com\/chambres-salvaterra.fr\/wp-content\/uploads\/2023\/12\/vue-portail-Arts-Salvaterra.jpg?resize=768%2C256&amp;ssl=1 768w, https:\/\/i0.wp.com\/chambres-salvaterra.fr\/wp-content\/uploads\/2023\/12\/vue-portail-Arts-Salvaterra.jpg?w=1461&amp;ssl=1 1461w\" sizes=\"auto, (max-width: 900px) 100vw, 900px\" \/><button\n\t\t\tclass=\"lightbox-trigger\"\n\t\t\ttype=\"button\"\n\t\t\taria-haspopup=\"dialog\"\n\t\t\taria-label=\"Agrandir\"\n\t\t\tdata-wp-init=\"callbacks.initTriggerButton\"\n\t\t\tdata-wp-on--click=\"actions.showLightbox\"\n\t\t\tdata-wp-style--right=\"state.imageButtonRight\"\n\t\t\tdata-wp-style--top=\"state.imageButtonTop\"\n\t\t>\n\t\t\t<svg xmlns=\"http:\/\/www.w3.org\/2000\/svg\" width=\"12\" height=\"12\" fill=\"none\" viewBox=\"0 0 12 12\">\n\t\t\t\t<path fill=\"#fff\" d=\"M2 0a2 2 0 0 0-2 2v2h1.5V2a.5.5 0 0 1 .5-.5h2V0H2Zm2 10.5H2a.5.5 0 0 1-.5-.5V8H0v2a2 2 0 0 0 2 2h2v-1.5ZM8 12v-1.5h2a.5.5 0 0 0 .5-.5V8H12v2a2 2 0 0 1-2 2H8Zm2-12a2 2 0 0 1 2 2v2h-1.5V2a.5.5 0 0 0-.5-.5H8V0h2Z\" \/>\n\t\t\t<\/svg>\n\t\t<\/button><\/figure>\n\n\n\n<p>Je vous souhaite un bon voyage. N\u2019h\u00e9sitez pas \u00e0 me contacter si vous avez besoin de plus de renseignements.<\/p>\n\n\n\n<p><\/p>\n\n\n\n<p><\/p>\n\n\n<div id=\"wpgmza_map\" class=\"wpgmza_map\" data-settings='{\"id\":\"1\",\"map_title\":\"My first map\",\"map_width\":\"100\",\"map_height\":\"500\",\"map_start_lat\":\"44.02069609999999\",\"map_start_lng\":\"4.7938996\",\"map_start_location\":\"45.950464398418106,-109.81550500000003\",\"map_start_zoom\":\"8\",\"default_marker\":\"\",\"type\":\"1\",\"alignment\":\"4\",\"directions_enabled\":\"0\",\"styling_enabled\":\"0\",\"styling_json\":\"\",\"active\":\"0\",\"kml\":\"\",\"bicycle\":\"0\",\"traffic\":\"0\",\"dbox\":\"0\",\"dbox_width\":\"\",\"listmarkers\":\"0\",\"listmarkers_advanced\":\"0\",\"filterbycat\":\"0\",\"ugm_enabled\":\"0\",\"ugm_category_enabled\":\"0\",\"fusion\":\"\",\"map_width_type\":\"%\",\"map_height_type\":\"px\",\"mass_marker_support\":\"0\",\"ugm_access\":\"0\",\"order_markers_by\":\"0\",\"order_markers_choice\":\"0\",\"show_user_location\":\"0\",\"default_to\":\"\",\"other_settings\":{\"map_type\":1,\"sl_stroke_color\":\"\",\"sl_fill_color\":\"\",\"sl_stroke_opacity\":\"\",\"sl_fill_opacity\":\"\",\"transport_layer\":false,\"action\":\"wpgmza_save_map\",\"redirect_to\":\"\\\/wp-admin\\\/admin-post.php\",\"map_id\":\"1\",\"http_referer\":\"\\\/wp-admin\\\/admin.php?page=wp-google-maps-menu&amp;amp;action=edit&amp;amp;map_id=1\",\"wpgmza_id\":\"1\",\"wpgmza_start_location\":\"44.02069609999999,4.7938996\",\"wpgmza_start_zoom\":\"8\",\"wpgmza_theme_data\":\"\",\"store_locator_enabled\":false,\"store_locator_search_area\":\"radial\",\"wpgmza_store_locator_radius_style\":\"legacy\",\"wpgmza_store_locator_default_radius\":\"10\",\"store_locator_auto_area_max_zoom\":\"\",\"store_locator_distance\":false,\"wpgmza_store_locator_position\":false,\"store_locator_show_distance\":false,\"store_locator_category\":false,\"wpgmza_store_locator_use_their_location\":false,\"wpgmza_store_locator_bounce\":false,\"wpgmza_sl_animation\":null,\"wpgmza_store_locator_hide_before_search\":false,\"store_locator_query_string\":\"\",\"store_locator_location_placeholder\":\"\",\"store_locator_default_address\":\"\",\"store_locator_name_search\":false,\"store_locator_name_string\":\"\",\"store_locator_not_found_message\":\"\",\"wpgmza_map_align\":\"1\",\"jump_to_nearest_marker_on_initialization\":false,\"automatically_pan_to_users_location\":false,\"override_users_location_zoom_level\":false,\"override_users_location_zoom_levels\":\"\",\"show_distance_from_location\":false,\"map_max_zoom\":\"21\",\"map_min_zoom\":\"0\",\"click_open_link\":false,\"fit_maps_bounds_to_markers\":false,\"fit_maps_bounds_to_markers_after_filtering\":false,\"hide_point_of_interest\":false,\"wpgmza_zoom_on_marker_click\":false,\"wpgmza_zoom_on_marker_click_slider\":\"\",\"close_infowindow_on_map_click\":false,\"disable_lightbox_images\":false,\"use_Raw_Jpeg_Coordinates\":false,\"polygon_labels\":false,\"disable_polygon_info_windows\":false,\"enable_marker_ratings\":false,\"only_load_markers_within_viewport\":false,\"iw_primary_color\":\"#000000\",\"iw_accent_color\":\"#000000\",\"iw_text_color\":\"#000000\",\"wpgmza_listmarkers_by\":\"0\",\"wpgmza_marker_listing_position\":false,\"wpgmza_push_in_map\":false,\"wpgmza_push_in_map_placement\":null,\"wpgmza_push_in_map_width\":\"\",\"wpgmza_push_in_map_height\":\"\",\"zoom_level_on_marker_listing_override\":false,\"zoom_level_on_marker_listing_click\":\"\",\"marker_listing_disable_zoom\":false,\"datatable_no_result_message\":\"\",\"remove_search_box_datables\":false,\"dataTable_pagination_style\":null,\"datatable_search_string\":\"\",\"datatable_result_start\":\"\",\"datatable_result_of\":\"\",\"datatable_result_to\":\"\",\"datatable_result_total\":\"\",\"datatable_result_show\":\"\",\"datatable_result_entries\":\"\",\"wpgmza_savemap\":\"Enregistrer la carte \\u00bb\"}}' data-map-id='1' Data-maps-engine='google-maps' data-shortcode-attributes='{\"id\":\"1\"}' style=\"display:block; overflow:auto; width:100%; height:500px; float:left;\"><\/div>","protected":false},"excerpt":{"rendered":"<p>Arriver \u00e0 Sauveterre Pour rejoindre Chambres-Salvaterra en voiture, vous avez plusieurs possibilit\u00e9s selon votre provenance : Vous pouvez consulter le plan des diff\u00e9rents itin\u00e9raires sur le site de Vinci Autoroutes. Pour rejoindre Chambres-Salvaterra depuis la gare Avignon TGV, vous avez la possibilit\u00e9 d&#8217;emprunter le car LIO 122 qui vous d\u00e9posera \u00e0 l&rsquo;arr\u00eat Sauveterre Avenue de [&hellip;]<\/p>\n","protected":false},"author":1,"featured_media":0,"parent":0,"menu_order":0,"comment_status":"closed","ping_status":"closed","template":"","meta":{"jetpack_post_was_ever_published":false,"footnotes":""},"class_list":["post-221","page","type-page","status-publish","hentry","blog-left-layout","blog-style-postblock","","blog-alt-odd"],"yoast_head":"<!-- This site is optimized with the Yoast SEO plugin v24.2 - https:\/\/yoast.com\/wordpress\/plugins\/seo\/ -->\n<title>Venir \u00e0 Chambres-Salvaterra - Location Chambres d&#039;H\u00f4tes et Gite<\/title>\n<meta name=\"description\" content=\"Venir \u00e0 Chambres-Salvaterra - Chambres d&#039;H\u00f4tes et Gite - Meubl\u00e9 de Tourisme Infos Pratiques Chambres Salvaterra\" \/>\n<meta name=\"robots\" content=\"index, follow, max-snippet:-1, max-image-preview:large, max-video-preview:-1\" \/>\n<link rel=\"canonical\" href=\"https:\/\/chambres-salvaterra.fr\/index.php\/infos-pratiques-venir-a-chambres-salvaterra\/\" \/>\n<meta property=\"og:locale\" content=\"fr_FR\" \/>\n<meta property=\"og:type\" content=\"article\" \/>\n<meta property=\"og:title\" content=\"Venir \u00e0 Chambres-Salvaterra - Location Chambres d&#039;H\u00f4tes et Gite\" \/>\n<meta property=\"og:description\" content=\"Venir \u00e0 Chambres-Salvaterra - Chambres d&#039;H\u00f4tes et Gite - Meubl\u00e9 de Tourisme Infos Pratiques Chambres Salvaterra\" \/>\n<meta property=\"og:url\" content=\"https:\/\/chambres-salvaterra.fr\/index.php\/infos-pratiques-venir-a-chambres-salvaterra\/\" \/>\n<meta property=\"og:site_name\" content=\"Chambres Salvaterra\" \/>\n<meta property=\"article:publisher\" content=\"https:\/\/www.facebook.com\/chambres.et.gite.salvaterra\" \/>\n<meta property=\"article:modified_time\" content=\"2023-12-23T12:00:38+00:00\" \/>\n<meta property=\"og:image\" content=\"https:\/\/chambres-salvaterra.fr\/wp-content\/uploads\/2023\/12\/vue-portail-Arts-Salvaterra-1024x341.jpg\" \/>\n<meta name=\"twitter:card\" content=\"summary_large_image\" \/>\n<meta name=\"twitter:label1\" content=\"Dur\u00e9e de lecture estim\u00e9e\" \/>\n\t<meta name=\"twitter:data1\" content=\"2 minutes\" \/>\n<script type=\"application\/ld+json\" class=\"yoast-schema-graph\">{\"@context\":\"https:\/\/schema.org\",\"@graph\":[{\"@type\":\"WebPage\",\"@id\":\"https:\/\/chambres-salvaterra.fr\/index.php\/infos-pratiques-venir-a-chambres-salvaterra\/\",\"url\":\"https:\/\/chambres-salvaterra.fr\/index.php\/infos-pratiques-venir-a-chambres-salvaterra\/\",\"name\":\"Venir \u00e0 Chambres-Salvaterra - Location Chambres d'H\u00f4tes et Gite\",\"isPartOf\":{\"@id\":\"https:\/\/chambres-salvaterra.fr\/#website\"},\"primaryImageOfPage\":{\"@id\":\"https:\/\/chambres-salvaterra.fr\/index.php\/infos-pratiques-venir-a-chambres-salvaterra\/#primaryimage\"},\"image\":{\"@id\":\"https:\/\/chambres-salvaterra.fr\/index.php\/infos-pratiques-venir-a-chambres-salvaterra\/#primaryimage\"},\"thumbnailUrl\":\"https:\/\/chambres-salvaterra.fr\/wp-content\/uploads\/2023\/12\/vue-portail-Arts-Salvaterra-1024x341.jpg\",\"datePublished\":\"2023-12-22T13:49:17+00:00\",\"dateModified\":\"2023-12-23T12:00:38+00:00\",\"description\":\"Venir \u00e0 Chambres-Salvaterra - Chambres d'H\u00f4tes et Gite - Meubl\u00e9 de Tourisme Infos Pratiques Chambres Salvaterra\",\"breadcrumb\":{\"@id\":\"https:\/\/chambres-salvaterra.fr\/index.php\/infos-pratiques-venir-a-chambres-salvaterra\/#breadcrumb\"},\"inLanguage\":\"fr-FR\",\"potentialAction\":[{\"@type\":\"ReadAction\",\"target\":[\"https:\/\/chambres-salvaterra.fr\/index.php\/infos-pratiques-venir-a-chambres-salvaterra\/\"]}]},{\"@type\":\"ImageObject\",\"inLanguage\":\"fr-FR\",\"@id\":\"https:\/\/chambres-salvaterra.fr\/index.php\/infos-pratiques-venir-a-chambres-salvaterra\/#primaryimage\",\"url\":\"https:\/\/i0.wp.com\/chambres-salvaterra.fr\/wp-content\/uploads\/2023\/12\/vue-portail-Arts-Salvaterra.jpg?fit=1461%2C487&ssl=1\",\"contentUrl\":\"https:\/\/i0.wp.com\/chambres-salvaterra.fr\/wp-content\/uploads\/2023\/12\/vue-portail-Arts-Salvaterra.jpg?fit=1461%2C487&ssl=1\",\"width\":1461,\"height\":487},{\"@type\":\"BreadcrumbList\",\"@id\":\"https:\/\/chambres-salvaterra.fr\/index.php\/infos-pratiques-venir-a-chambres-salvaterra\/#breadcrumb\",\"itemListElement\":[{\"@type\":\"ListItem\",\"position\":1,\"name\":\"Accueil\",\"item\":\"https:\/\/chambres-salvaterra.fr\/\"},{\"@type\":\"ListItem\",\"position\":2,\"name\":\"Infos Pratiques\"}]},{\"@type\":\"WebSite\",\"@id\":\"https:\/\/chambres-salvaterra.fr\/#website\",\"url\":\"https:\/\/chambres-salvaterra.fr\/\",\"name\":\"Chambres Salvaterra\",\"description\":\"Chambres et Gite proche Avignon\",\"publisher\":{\"@id\":\"https:\/\/chambres-salvaterra.fr\/#organization\"},\"alternateName\":\"Chambres et Gite Avignon\",\"potentialAction\":[{\"@type\":\"SearchAction\",\"target\":{\"@type\":\"EntryPoint\",\"urlTemplate\":\"https:\/\/chambres-salvaterra.fr\/?s={search_term_string}\"},\"query-input\":{\"@type\":\"PropertyValueSpecification\",\"valueRequired\":true,\"valueName\":\"search_term_string\"}}],\"inLanguage\":\"fr-FR\"},{\"@type\":\"Organization\",\"@id\":\"https:\/\/chambres-salvaterra.fr\/#organization\",\"name\":\"Chambres Salvaterra\",\"alternateName\":\"Chambres, Gite et Meubl\u00e9 de Tourisme Avignon\",\"url\":\"https:\/\/chambres-salvaterra.fr\/\",\"logo\":{\"@type\":\"ImageObject\",\"inLanguage\":\"fr-FR\",\"@id\":\"https:\/\/chambres-salvaterra.fr\/#\/schema\/logo\/image\/\",\"url\":\"https:\/\/i0.wp.com\/chambres-salvaterra.fr\/wp-content\/uploads\/2023\/12\/vue-generale-1.jpg?fit=2048%2C1536&ssl=1\",\"contentUrl\":\"https:\/\/i0.wp.com\/chambres-salvaterra.fr\/wp-content\/uploads\/2023\/12\/vue-generale-1.jpg?fit=2048%2C1536&ssl=1\",\"width\":2048,\"height\":1536,\"caption\":\"Chambres Salvaterra\"},\"image\":{\"@id\":\"https:\/\/chambres-salvaterra.fr\/#\/schema\/logo\/image\/\"},\"sameAs\":[\"https:\/\/www.facebook.com\/chambres.et.gite.salvaterra\"]}]}<\/script>\n<!-- \/ Yoast SEO plugin. -->","yoast_head_json":{"title":"Venir \u00e0 Chambres-Salvaterra - Location Chambres d'H\u00f4tes et Gite","description":"Venir \u00e0 Chambres-Salvaterra - Chambres d'H\u00f4tes et Gite - Meubl\u00e9 de Tourisme Infos Pratiques Chambres Salvaterra","robots":{"index":"index","follow":"follow","max-snippet":"max-snippet:-1","max-image-preview":"max-image-preview:large","max-video-preview":"max-video-preview:-1"},"canonical":"https:\/\/chambres-salvaterra.fr\/index.php\/infos-pratiques-venir-a-chambres-salvaterra\/","og_locale":"fr_FR","og_type":"article","og_title":"Venir \u00e0 Chambres-Salvaterra - Location Chambres d'H\u00f4tes et Gite","og_description":"Venir \u00e0 Chambres-Salvaterra - Chambres d'H\u00f4tes et Gite - Meubl\u00e9 de Tourisme Infos Pratiques Chambres Salvaterra","og_url":"https:\/\/chambres-salvaterra.fr\/index.php\/infos-pratiques-venir-a-chambres-salvaterra\/","og_site_name":"Chambres Salvaterra","article_publisher":"https:\/\/www.facebook.com\/chambres.et.gite.salvaterra","article_modified_time":"2023-12-23T12:00:38+00:00","og_image":[{"url":"https:\/\/chambres-salvaterra.fr\/wp-content\/uploads\/2023\/12\/vue-portail-Arts-Salvaterra-1024x341.jpg","type":"","width":"","height":""}],"twitter_card":"summary_large_image","twitter_misc":{"Dur\u00e9e de lecture estim\u00e9e":"2 minutes"},"schema":{"@context":"https:\/\/schema.org","@graph":[{"@type":"WebPage","@id":"https:\/\/chambres-salvaterra.fr\/index.php\/infos-pratiques-venir-a-chambres-salvaterra\/","url":"https:\/\/chambres-salvaterra.fr\/index.php\/infos-pratiques-venir-a-chambres-salvaterra\/","name":"Venir \u00e0 Chambres-Salvaterra - Location Chambres d'H\u00f4tes et Gite","isPartOf":{"@id":"https:\/\/chambres-salvaterra.fr\/#website"},"primaryImageOfPage":{"@id":"https:\/\/chambres-salvaterra.fr\/index.php\/infos-pratiques-venir-a-chambres-salvaterra\/#primaryimage"},"image":{"@id":"https:\/\/chambres-salvaterra.fr\/index.php\/infos-pratiques-venir-a-chambres-salvaterra\/#primaryimage"},"thumbnailUrl":"https:\/\/chambres-salvaterra.fr\/wp-content\/uploads\/2023\/12\/vue-portail-Arts-Salvaterra-1024x341.jpg","datePublished":"2023-12-22T13:49:17+00:00","dateModified":"2023-12-23T12:00:38+00:00","description":"Venir \u00e0 Chambres-Salvaterra - Chambres d'H\u00f4tes et Gite - Meubl\u00e9 de Tourisme Infos Pratiques Chambres Salvaterra","breadcrumb":{"@id":"https:\/\/chambres-salvaterra.fr\/index.php\/infos-pratiques-venir-a-chambres-salvaterra\/#breadcrumb"},"inLanguage":"fr-FR","potentialAction":[{"@type":"ReadAction","target":["https:\/\/chambres-salvaterra.fr\/index.php\/infos-pratiques-venir-a-chambres-salvaterra\/"]}]},{"@type":"ImageObject","inLanguage":"fr-FR","@id":"https:\/\/chambres-salvaterra.fr\/index.php\/infos-pratiques-venir-a-chambres-salvaterra\/#primaryimage","url":"https:\/\/i0.wp.com\/chambres-salvaterra.fr\/wp-content\/uploads\/2023\/12\/vue-portail-Arts-Salvaterra.jpg?fit=1461%2C487&ssl=1","contentUrl":"https:\/\/i0.wp.com\/chambres-salvaterra.fr\/wp-content\/uploads\/2023\/12\/vue-portail-Arts-Salvaterra.jpg?fit=1461%2C487&ssl=1","width":1461,"height":487},{"@type":"BreadcrumbList","@id":"https:\/\/chambres-salvaterra.fr\/index.php\/infos-pratiques-venir-a-chambres-salvaterra\/#breadcrumb","itemListElement":[{"@type":"ListItem","position":1,"name":"Accueil","item":"https:\/\/chambres-salvaterra.fr\/"},{"@type":"ListItem","position":2,"name":"Infos Pratiques"}]},{"@type":"WebSite","@id":"https:\/\/chambres-salvaterra.fr\/#website","url":"https:\/\/chambres-salvaterra.fr\/","name":"Chambres Salvaterra","description":"Chambres et Gite proche Avignon","publisher":{"@id":"https:\/\/chambres-salvaterra.fr\/#organization"},"alternateName":"Chambres et Gite Avignon","potentialAction":[{"@type":"SearchAction","target":{"@type":"EntryPoint","urlTemplate":"https:\/\/chambres-salvaterra.fr\/?s={search_term_string}"},"query-input":{"@type":"PropertyValueSpecification","valueRequired":true,"valueName":"search_term_string"}}],"inLanguage":"fr-FR"},{"@type":"Organization","@id":"https:\/\/chambres-salvaterra.fr\/#organization","name":"Chambres Salvaterra","alternateName":"Chambres, Gite et Meubl\u00e9 de Tourisme Avignon","url":"https:\/\/chambres-salvaterra.fr\/","logo":{"@type":"ImageObject","inLanguage":"fr-FR","@id":"https:\/\/chambres-salvaterra.fr\/#\/schema\/logo\/image\/","url":"https:\/\/i0.wp.com\/chambres-salvaterra.fr\/wp-content\/uploads\/2023\/12\/vue-generale-1.jpg?fit=2048%2C1536&ssl=1","contentUrl":"https:\/\/i0.wp.com\/chambres-salvaterra.fr\/wp-content\/uploads\/2023\/12\/vue-generale-1.jpg?fit=2048%2C1536&ssl=1","width":2048,"height":1536,"caption":"Chambres Salvaterra"},"image":{"@id":"https:\/\/chambres-salvaterra.fr\/#\/schema\/logo\/image\/"},"sameAs":["https:\/\/www.facebook.com\/chambres.et.gite.salvaterra"]}]}},"jetpack_sharing_enabled":true,"_links":{"self":[{"href":"https:\/\/chambres-salvaterra.fr\/index.php\/wp-json\/wp\/v2\/pages\/221","targetHints":{"allow":["GET"]}}],"collection":[{"href":"https:\/\/chambres-salvaterra.fr\/index.php\/wp-json\/wp\/v2\/pages"}],"about":[{"href":"https:\/\/chambres-salvaterra.fr\/index.php\/wp-json\/wp\/v2\/types\/page"}],"author":[{"embeddable":true,"href":"https:\/\/chambres-salvaterra.fr\/index.php\/wp-json\/wp\/v2\/users\/1"}],"replies":[{"embeddable":true,"href":"https:\/\/chambres-salvaterra.fr\/index.php\/wp-json\/wp\/v2\/comments?post=221"}],"version-history":[{"count":7,"href":"https:\/\/chambres-salvaterra.fr\/index.php\/wp-json\/wp\/v2\/pages\/221\/revisions"}],"predecessor-version":[{"id":252,"href":"https:\/\/chambres-salvaterra.fr\/index.php\/wp-json\/wp\/v2\/pages\/221\/revisions\/252"}],"wp:attachment":[{"href":"https:\/\/chambres-salvaterra.fr\/index.php\/wp-json\/wp\/v2\/media?parent=221"}],"curies":[{"name":"wp","href":"https:\/\/api.w.org\/{rel}","templated":true}]}}